{"id":3046,"date":"2022-10-16T18:31:56","date_gmt":"2022-10-16T18:31:56","guid":{"rendered":"https:\/\/caykazanifiyatlari.com\/?post_type=product&#038;p=3046"},"modified":"2022-10-19T20:45:17","modified_gmt":"2022-10-19T20:45:17","slug":"4-demlikli-inox-elektrikli-cay-kazani-yan-aritmali","status":"publish","type":"product","link":"https:\/\/caykazanifiyatlari.com\/?product=4-demlikli-inox-elektrikli-cay-kazani-yan-aritmali","title":{"rendered":"4 Demlikli \u0130nox elektrikli \u00c7ay Kazan\u0131- Yan Ar\u0131tmal\u0131"},"content":{"rendered":"<p>A+ ENERJ\u0130 FULL OTOMAT\u0130K \u00c7AY KAZANLARININ TEKN\u0130K \u00d6ZELL\u0130KLER\u0130<br \/>\nKULLANIM ALANLARI: End\u00fcstriyel \u00e7ay kazanlar\u0131m\u0131z,t\u00fcm toplu t\u00fcketim mekanlar\u0131, i\u015f yerleri, Cafeler, kahvehane ve k\u0131raathaneler, restorantlar, \u00e7ay ocaklar\u0131, pastaneler,kantinler,b\u00f6rek\u00e7iler, hastaneler , kamu kurum ve kurulu\u015flar vb.yerlerde kullan\u0131lmaktad\u0131r.<\/p>\n<p>ISITMA SE\u00c7ENEKLER\u0130: \u00c7ay Kazanlar\u0131m\u0131z;<\/p>\n<p>1-Do\u011falgazl\u0131 ve elektrikli \u00e7ay kazan\u0131,<\/p>\n<p>2-T\u00fcpl\u00fc ve elektrikli \u00e7ay kazan\u0131,<\/p>\n<p>3-Elektrikli \u00e7ay kazan\u0131 olmak \u00fczere 3 ayr\u0131 \u015fekilde \u0131s\u0131tma sa\u011flar.<\/p>\n<p>ERGONOM\u0130K: Kaliteli yap\u0131s\u0131 iyi \u00e7ay demleme \u00f6zelli\u011fi, farkl\u0131 tasar\u0131m\u0131, g\u00f6rsel dizayn\u0131 ve fonksiyonel \u00f6zellikleri ile kullan\u0131c\u0131lar\u0131na b\u00fcy\u00fck kolayl\u0131k sa\u011flar..<\/p>\n<p>ISI YALITIMLI KAZAN G\u00d6VDES\u0130: Is\u0131 kayb\u0131n\u0131 ve gereksiz enerji sarfiyat\u0131n\u0131 \u00f6nleyerek, ekonomik olarak \u00e7ok y\u00fcksek oranda avantaj sa\u011flar..<\/p>\n<p>ARITMA:\u00dcr\u00fcn \u00fczerinde bulunan su ar\u0131tma cihaz\u0131, kazana yumu\u015fat\u0131lm\u0131\u015f nitelikli su giri\u015fini sa\u011flar. Ar\u0131t\u0131lm\u0131\u015f nitelikli su ile lezzeti ideal \u00e7ay demlersiniz.<\/p>\n<p>\u015eAMANDIRA:\u00c7ay kazanlar\u0131m\u0131z\u0131n tamam\u0131 \u015famand\u0131ral\u0131d\u0131r. Su seviyesi belirlenen \u00f6l\u00e7\u00fcde otomatik olarak kontrol edilir..<\/p>\n<p>A\u00c7ILAB\u0130L\u0130R \u00dcST KAPAK: T\u00fcm \u00e7ay kazan\u0131 modellerimizde kazan \u00fcst kapa\u011f\u0131 a\u00e7\u0131ld\u0131\u011f\u0131ndan, periyodik kazan i\u00e7i temizli\u011fi son derece pratiktir..<\/p>\n<p>TERMOBOX S\u0130STEML\u0130: Y\u00fcksek kapasiteli b\u00fcy\u00fck boy modellerimizde, i\u00e7 kazan iki ayr\u0131 b\u00f6l\u00fcmden olu\u015fur. \u00c7ay kazan\u0131na giren so\u011fuk suyun, ana b\u00f6l\u00fcmde ki suya bir anda kar\u0131\u015fmas\u0131 engellenir. B\u00f6ylece suyunuzun s\u0131cakl\u0131k de\u011feri bozulmadan \u00e7ay servisine devam edebilirsiniz..<\/p>\n<p>YO\u011eU\u015eMALI YANMA S\u0130STEM\u0130 Yanm\u0131\u015f at\u0131k gazdan ikinci kez enerji verimi al\u0131nmas\u0131n\u0131 sa\u011flar. At\u0131k gaz bacadan at\u0131lmadan \u00f6nce , kazan i\u00e7 k\u0131sm\u0131nda gezdirilerek \u0131s\u0131 verimlili\u011fine ve tasarrufa katk\u0131 sa\u011flar..<\/p>\n<p>BR\u00dcL\u00d6R YANMA S\u0130STEM\u0130:Alev, \u00e7ay kazan\u0131na tek bir nokta yerine taban\u0131n tamam\u0131na yay\u0131larak geni\u015f bir y\u00fczeyi h\u0131zl\u0131 bir \u015fekilde \u0131s\u0131t\u0131r..<\/p>\n<p>CE BELGEL\u0130: T\u00fcm modellerimiz do\u011falgaz uyumludur..<\/p>\n<p>GAZMER ONAYLI: \u00c7ay Kazanlar\u0131m\u0131z\u0131n tamam\u0131, do\u011falgaz \u015firketlerinin standartlar\u0131na uygundur..<\/p>\n<p>FULL OTOMAT\u0130K :T\u00fcm \u00e7ay kazan\u0131 modellerimiz termostatl\u0131 olup, elektrik ve gaz kontrol\u00fc otomatik olarak sa\u011flan\u0131r..<\/p>\n<p>ISI G\u00d6STERGES\u0130:\u00c7ay Kazanlar\u0131 Termometreli (\u0131s\u0131 G\u00f6stergesi) olup kazan i\u00e7indeki su s\u0131cakl\u0131k de\u011feri g\u00f6zlemlenebilir..<\/p>\n<p>\u00c7AKMAK ATE\u015eLEME: \u00c7ay kazan\u0131n\u0131n alt\u0131n\u0131 bir dokunu\u015fla \u00e7akmakla kolayca yakabilirsiniz..<\/p>\n<p>KAHVE P\u0130\u015e\u0130RME G\u00d6ZLER\u0130 Kahvenizi pi\u015firebilir, \u00e7ay\u0131n\u0131z\u0131 kabartmak istedi\u011finizde kullanabilirsiniz..<\/p>\n<p>DEMKE\u015e:Demlik koyma yerleri \u00f6zel tasarlanm\u0131\u015f olup, demli\u011finizi kaymadan rahat\u00e7a koyabilirsiniz..<\/p>\n<p>KAZAN DI\u015e Y\u00dcZEYLER\u0130: Antik bak\u0131r i\u015fleme, elektrostatik f\u0131r\u0131n boyal\u0131 renk \u00e7e\u015fitleri veya inoks ( paslanmaz krom ) se\u00e7eneklerinden yap\u0131lmaktad\u0131r. Kaliteli malzeme,teknolojik \u00f6zelliklere sahip \u00e7ay kazanlar\u0131m\u0131z\u0131, sat\u0131\u015f sonras\u0131 teknik servis hizmetimize g\u00fcvenerek alabilirsiniz. Memnuniyetiniz yegane amac\u0131m\u0131zd\u0131r. .<\/p>\n","protected":false},"excerpt":{"rendered":"<p>A+ Enerji Paslanmaz \u00e7elik Ar\u0131tmal\u0131 \u015eamand\u0131ral\u0131 Materyal: Paslanmaz \u00e7elik<\/p>\n","protected":false},"featured_media":3085,"template":"","meta":{"content-type":""},"product_cat":[125],"product_tag":[],"class_list":{"0":"post-3046","1":"product","2":"type-product","3":"status-publish","4":"has-post-thumbnail","6":"product_cat-4-demlikli-modeller","8":"first","9":"instock","10":"shipping-taxable","11":"product-type-simple"},"yoast_head":"<!-- This site is optimized with the Yoast SEO plugin v22.7 - https:\/\/yoast.com\/wordpress\/plugins\/seo\/ -->\n<title>4 Demlikli \u0130nox elektrikli \u00c7ay Kazan\u0131- Yan Ar\u0131tmal\u0131 - \u015eelale \u00c7ay Kazanlar\u0131<\/title>\n<meta name=\"robots\" content=\"index, follow, max-snippet:-1, max-image-preview:large, max-video-preview:-1\" \/>\n<link rel=\"canonical\" href=\"https:\/\/caykazanifiyatlari.com\/urun\/4-demlikli-inox-elektrikli-cay-kazani-yan-aritmali\/\" \/>\n<meta property=\"og:locale\" content=\"tr_TR\" \/>\n<meta property=\"og:type\" content=\"article\" \/>\n<meta property=\"og:title\" content=\"4 Demlikli \u0130nox elektrikli \u00c7ay Kazan\u0131- Yan Ar\u0131tmal\u0131 - \u015eelale \u00c7ay Kazanlar\u0131\" \/>\n<meta property=\"og:description\" content=\"A+ Enerji Paslanmaz \u00e7elik Ar\u0131tmal\u0131 \u015eamand\u0131ral\u0131 Materyal: Paslanmaz \u00e7elik\" \/>\n<meta property=\"og:url\" content=\"https:\/\/caykazanifiyatlari.com\/urun\/4-demlikli-inox-elektrikli-cay-kazani-yan-aritmali\/\" \/>\n<meta property=\"og:site_name\" content=\"\u015eelale \u00c7ay Kazanlar\u0131\" \/>\n<meta property=\"article:modified_time\" content=\"2022-10-19T20:45:17+00:00\" \/>\n<meta property=\"og:image\" content=\"https:\/\/caykazanifiyatlari.com\/wp-content\/uploads\/2022\/10\/4-Demlikli-Inox-elektrikli-Cay-Kazani-Yan-Aritmali-4.jpg\" \/>\n\t<meta property=\"og:image:width\" content=\"700\" \/>\n\t<meta property=\"og:image:height\" content=\"700\" \/>\n\t<meta property=\"og:image:type\" content=\"image\/jpeg\" \/>\n<meta name=\"twitter:card\" content=\"summary_large_image\" \/>\n<meta name=\"twitter:label1\" content=\"Tahmini okuma s\u00fcresi\" \/>\n\t<meta name=\"twitter:data1\" content=\"2 dakika\" \/>\n<script type=\"application\/ld+json\" class=\"yoast-schema-graph\">{\"@context\":\"https:\/\/schema.org\",\"@graph\":[{\"@type\":\"WebPage\",\"@id\":\"https:\/\/caykazanifiyatlari.com\/urun\/4-demlikli-inox-elektrikli-cay-kazani-yan-aritmali\/\",\"url\":\"https:\/\/caykazanifiyatlari.com\/urun\/4-demlikli-inox-elektrikli-cay-kazani-yan-aritmali\/\",\"name\":\"4 Demlikli \u0130nox elektrikli \u00c7ay Kazan\u0131- Yan Ar\u0131tmal\u0131 - \u015eelale \u00c7ay Kazanlar\u0131\",\"isPartOf\":{\"@id\":\"https:\/\/caykazanifiyatlari.com\/#website\"},\"primaryImageOfPage\":{\"@id\":\"https:\/\/caykazanifiyatlari.com\/urun\/4-demlikli-inox-elektrikli-cay-kazani-yan-aritmali\/#primaryimage\"},\"image\":{\"@id\":\"https:\/\/caykazanifiyatlari.com\/urun\/4-demlikli-inox-elektrikli-cay-kazani-yan-aritmali\/#primaryimage\"},\"thumbnailUrl\":\"https:\/\/caykazanifiyatlari.com\/wp-content\/uploads\/2022\/10\/4-Demlikli-Inox-elektrikli-Cay-Kazani-Yan-Aritmali-4.jpg\",\"datePublished\":\"2022-10-16T18:31:56+00:00\",\"dateModified\":\"2022-10-19T20:45:17+00:00\",\"breadcrumb\":{\"@id\":\"https:\/\/caykazanifiyatlari.com\/urun\/4-demlikli-inox-elektrikli-cay-kazani-yan-aritmali\/#breadcrumb\"},\"inLanguage\":\"tr\",\"potentialAction\":[{\"@type\":\"ReadAction\",\"target\":[\"https:\/\/caykazanifiyatlari.com\/urun\/4-demlikli-inox-elektrikli-cay-kazani-yan-aritmali\/\"]}]},{\"@type\":\"ImageObject\",\"inLanguage\":\"tr\",\"@id\":\"https:\/\/caykazanifiyatlari.com\/urun\/4-demlikli-inox-elektrikli-cay-kazani-yan-aritmali\/#primaryimage\",\"url\":\"https:\/\/caykazanifiyatlari.com\/wp-content\/uploads\/2022\/10\/4-Demlikli-Inox-elektrikli-Cay-Kazani-Yan-Aritmali-4.jpg\",\"contentUrl\":\"https:\/\/caykazanifiyatlari.com\/wp-content\/uploads\/2022\/10\/4-Demlikli-Inox-elektrikli-Cay-Kazani-Yan-Aritmali-4.jpg\",\"width\":700,\"height\":700},{\"@type\":\"BreadcrumbList\",\"@id\":\"https:\/\/caykazanifiyatlari.com\/urun\/4-demlikli-inox-elektrikli-cay-kazani-yan-aritmali\/#breadcrumb\",\"itemListElement\":[{\"@type\":\"ListItem\",\"position\":1,\"name\":\"Anasayfa\",\"item\":\"https:\/\/caykazanifiyatlari.com\/\"},{\"@type\":\"ListItem\",\"position\":2,\"name\":\"Ma\u011faza\",\"item\":\"https:\/\/caykazanifiyatlari.com\/?page_id=5\"},{\"@type\":\"ListItem\",\"position\":3,\"name\":\"4 Demlikli \u0130nox elektrikli \u00c7ay Kazan\u0131- Yan Ar\u0131tmal\u0131\"}]},{\"@type\":\"WebSite\",\"@id\":\"https:\/\/caykazanifiyatlari.com\/#website\",\"url\":\"https:\/\/caykazanifiyatlari.com\/\",\"name\":\"\u015eelale \u00c7ay Kazanlar\u0131\",\"description\":\"\u015eelale \u00c7ay Kazanlar\u0131 ve fiyatlar\u0131\",\"publisher\":{\"@id\":\"https:\/\/caykazanifiyatlari.com\/#organization\"},\"potentialAction\":[{\"@type\":\"SearchAction\",\"target\":{\"@type\":\"EntryPoint\",\"urlTemplate\":\"https:\/\/caykazanifiyatlari.com\/?s={search_term_string}\"},\"query-input\":\"required name=search_term_string\"}],\"inLanguage\":\"tr\"},{\"@type\":\"Organization\",\"@id\":\"https:\/\/caykazanifiyatlari.com\/#organization\",\"name\":\"\u015eelale \u00c7ay Kazanlar\u0131\",\"url\":\"https:\/\/caykazanifiyatlari.com\/\",\"logo\":{\"@type\":\"ImageObject\",\"inLanguage\":\"tr\",\"@id\":\"https:\/\/caykazanifiyatlari.com\/#\/schema\/logo\/image\/\",\"url\":\"https:\/\/caykazanifiyatlari.com\/wp-content\/uploads\/2022\/11\/cropped-caykazanlari_logo.png\",\"contentUrl\":\"https:\/\/caykazanifiyatlari.com\/wp-content\/uploads\/2022\/11\/cropped-caykazanlari_logo.png\",\"width\":512,\"height\":512,\"caption\":\"\u015eelale \u00c7ay Kazanlar\u0131\"},\"image\":{\"@id\":\"https:\/\/caykazanifiyatlari.com\/#\/schema\/logo\/image\/\"}}]}<\/script>\n<!-- \/ Yoast SEO plugin. -->","yoast_head_json":{"title":"4 Demlikli \u0130nox elektrikli \u00c7ay Kazan\u0131- Yan Ar\u0131tmal\u0131 - \u015eelale \u00c7ay Kazanlar\u0131","robots":{"index":"index","follow":"follow","max-snippet":"max-snippet:-1","max-image-preview":"max-image-preview:large","max-video-preview":"max-video-preview:-1"},"canonical":"https:\/\/caykazanifiyatlari.com\/urun\/4-demlikli-inox-elektrikli-cay-kazani-yan-aritmali\/","og_locale":"tr_TR","og_type":"article","og_title":"4 Demlikli \u0130nox elektrikli \u00c7ay Kazan\u0131- Yan Ar\u0131tmal\u0131 - \u015eelale \u00c7ay Kazanlar\u0131","og_description":"A+ Enerji Paslanmaz \u00e7elik Ar\u0131tmal\u0131 \u015eamand\u0131ral\u0131 Materyal: Paslanmaz \u00e7elik","og_url":"https:\/\/caykazanifiyatlari.com\/urun\/4-demlikli-inox-elektrikli-cay-kazani-yan-aritmali\/","og_site_name":"\u015eelale \u00c7ay Kazanlar\u0131","article_modified_time":"2022-10-19T20:45:17+00:00","og_image":[{"width":700,"height":700,"url":"https:\/\/caykazanifiyatlari.com\/wp-content\/uploads\/2022\/10\/4-Demlikli-Inox-elektrikli-Cay-Kazani-Yan-Aritmali-4.jpg","type":"image\/jpeg"}],"twitter_card":"summary_large_image","twitter_misc":{"Tahmini okuma s\u00fcresi":"2 dakika"},"schema":{"@context":"https:\/\/schema.org","@graph":[{"@type":"WebPage","@id":"https:\/\/caykazanifiyatlari.com\/urun\/4-demlikli-inox-elektrikli-cay-kazani-yan-aritmali\/","url":"https:\/\/caykazanifiyatlari.com\/urun\/4-demlikli-inox-elektrikli-cay-kazani-yan-aritmali\/","name":"4 Demlikli \u0130nox elektrikli \u00c7ay Kazan\u0131- Yan Ar\u0131tmal\u0131 - \u015eelale \u00c7ay Kazanlar\u0131","isPartOf":{"@id":"https:\/\/caykazanifiyatlari.com\/#website"},"primaryImageOfPage":{"@id":"https:\/\/caykazanifiyatlari.com\/urun\/4-demlikli-inox-elektrikli-cay-kazani-yan-aritmali\/#primaryimage"},"image":{"@id":"https:\/\/caykazanifiyatlari.com\/urun\/4-demlikli-inox-elektrikli-cay-kazani-yan-aritmali\/#primaryimage"},"thumbnailUrl":"https:\/\/caykazanifiyatlari.com\/wp-content\/uploads\/2022\/10\/4-Demlikli-Inox-elektrikli-Cay-Kazani-Yan-Aritmali-4.jpg","datePublished":"2022-10-16T18:31:56+00:00","dateModified":"2022-10-19T20:45:17+00:00","breadcrumb":{"@id":"https:\/\/caykazanifiyatlari.com\/urun\/4-demlikli-inox-elektrikli-cay-kazani-yan-aritmali\/#breadcrumb"},"inLanguage":"tr","potentialAction":[{"@type":"ReadAction","target":["https:\/\/caykazanifiyatlari.com\/urun\/4-demlikli-inox-elektrikli-cay-kazani-yan-aritmali\/"]}]},{"@type":"ImageObject","inLanguage":"tr","@id":"https:\/\/caykazanifiyatlari.com\/urun\/4-demlikli-inox-elektrikli-cay-kazani-yan-aritmali\/#primaryimage","url":"https:\/\/caykazanifiyatlari.com\/wp-content\/uploads\/2022\/10\/4-Demlikli-Inox-elektrikli-Cay-Kazani-Yan-Aritmali-4.jpg","contentUrl":"https:\/\/caykazanifiyatlari.com\/wp-content\/uploads\/2022\/10\/4-Demlikli-Inox-elektrikli-Cay-Kazani-Yan-Aritmali-4.jpg","width":700,"height":700},{"@type":"BreadcrumbList","@id":"https:\/\/caykazanifiyatlari.com\/urun\/4-demlikli-inox-elektrikli-cay-kazani-yan-aritmali\/#breadcrumb","itemListElement":[{"@type":"ListItem","position":1,"name":"Anasayfa","item":"https:\/\/caykazanifiyatlari.com\/"},{"@type":"ListItem","position":2,"name":"Ma\u011faza","item":"https:\/\/caykazanifiyatlari.com\/?page_id=5"},{"@type":"ListItem","position":3,"name":"4 Demlikli \u0130nox elektrikli \u00c7ay Kazan\u0131- Yan Ar\u0131tmal\u0131"}]},{"@type":"WebSite","@id":"https:\/\/caykazanifiyatlari.com\/#website","url":"https:\/\/caykazanifiyatlari.com\/","name":"\u015eelale \u00c7ay Kazanlar\u0131","description":"\u015eelale \u00c7ay Kazanlar\u0131 ve fiyatlar\u0131","publisher":{"@id":"https:\/\/caykazanifiyatlari.com\/#organization"},"potentialAction":[{"@type":"SearchAction","target":{"@type":"EntryPoint","urlTemplate":"https:\/\/caykazanifiyatlari.com\/?s={search_term_string}"},"query-input":"required name=search_term_string"}],"inLanguage":"tr"},{"@type":"Organization","@id":"https:\/\/caykazanifiyatlari.com\/#organization","name":"\u015eelale \u00c7ay Kazanlar\u0131","url":"https:\/\/caykazanifiyatlari.com\/","logo":{"@type":"ImageObject","inLanguage":"tr","@id":"https:\/\/caykazanifiyatlari.com\/#\/schema\/logo\/image\/","url":"https:\/\/caykazanifiyatlari.com\/wp-content\/uploads\/2022\/11\/cropped-caykazanlari_logo.png","contentUrl":"https:\/\/caykazanifiyatlari.com\/wp-content\/uploads\/2022\/11\/cropped-caykazanlari_logo.png","width":512,"height":512,"caption":"\u015eelale \u00c7ay Kazanlar\u0131"},"image":{"@id":"https:\/\/caykazanifiyatlari.com\/#\/schema\/logo\/image\/"}}]}},"_links":{"self":[{"href":"https:\/\/caykazanifiyatlari.com\/index.php?rest_route=\/wp\/v2\/product\/3046","targetHints":{"allow":["GET"]}}],"collection":[{"href":"https:\/\/caykazanifiyatlari.com\/index.php?rest_route=\/wp\/v2\/product"}],"about":[{"href":"https:\/\/caykazanifiyatlari.com\/index.php?rest_route=\/wp\/v2\/types\/product"}],"wp:featuredmedia":[{"embeddable":true,"href":"https:\/\/caykazanifiyatlari.com\/index.php?rest_route=\/wp\/v2\/media\/3085"}],"wp:attachment":[{"href":"https:\/\/caykazanifiyatlari.com\/index.php?rest_route=%2Fwp%2Fv2%2Fmedia&parent=3046"}],"wp:term":[{"taxonomy":"product_cat","embeddable":true,"href":"https:\/\/caykazanifiyatlari.com\/index.php?rest_route=%2Fwp%2Fv2%2Fproduct_cat&post=3046"},{"taxonomy":"product_tag","embeddable":true,"href":"https:\/\/caykazanifiyatlari.com\/index.php?rest_route=%2Fwp%2Fv2%2Fproduct_tag&post=3046"}],"curies":[{"name":"wp","href":"https:\/\/api.w.org\/{rel}","templated":true}]}}